{"id":1283,"date":"2018-05-22T16:07:45","date_gmt":"2018-05-22T14:07:45","guid":{"rendered":"https:\/\/ourstories.info\/the-project\/"},"modified":"2018-09-07T10:35:01","modified_gmt":"2018-09-07T08:35:01","slug":"the-project","status":"publish","type":"page","link":"https:\/\/ourstories.info\/sv\/the-project\/","title":{"rendered":"Om projektet"},"content":{"rendered":"<h2>Our stories \u2013 the business of using storytelling to draw people in<\/h2>\n<p>Gemensam historia och kultur \u00e4r starkt framtr\u00e4dande l\u00e4ngs med Norrskensrutten som sammanbinder den finska, svenska och norska gr\u00e4nsen.\u00a0De angr\u00e4nsande l\u00e4nderna delar en v\u00e4xande medvetenhet om gemensamma r\u00f6tter och identitet, vilket \u00e4r grunden till detta gr\u00e4ns\u00f6verskridande projekt. F\u00f6r tillf\u00e4llet finns det en rutt men det beh\u00f6vs mer aktivitet l\u00e4ngs den. Visionen \u00e4r att bidra till en verksamhet som g\u00f6r Nordkalottsregionen mer aktiv, levande och attraktiv med \u00f6kade aff\u00e4rsm\u00f6jligheter genom ber\u00e4ttelser och ber\u00e4ttande. Regionspecifika spr\u00e5k och kulturer \u00e4r en viktig del av ber\u00e4ttelserna. Ber\u00e4ttelserna kommer att synligg\u00f6ras genom olika former och uttryck, s\u00e5som Storybook, musikproduktion, kortfilmsproduktion och muntligt ber\u00e4ttande.<\/p>\n<p>Finansi\u00e4r: Interreg Nord<\/p>\n<p>Prioritet: Kultur och omgivning<\/p>\n<p>Samarbetspartner: <a href=\"https:\/\/www.lapinamk.fi\/sv\">Lapland University of Applied Science<\/a>, <a href=\"http:\/\/www.ecity.fi\/swe\/index.html\">Studio E-city Ky<\/a>, <a href=\"http:\/\/www.ihana.no\">Ihana! AS<\/a>, <a href=\"http:\/\/www.jordmusic.com\/?iso=en\">JORD<\/a> &amp; <a href=\"http:\/\/www.svefi.net\/\">Sverigefinska folkh\u00f6gskolan<\/a><\/p>\n<p>Total budget: 1 123 608 EUR<\/p>\n<p>Projekttid: 1.8.2016 \u2013 30.6.2019<\/p>\n","protected":false},"excerpt":{"rendered":"<p>Our stories \u2013 the business of using storytelling to draw people in Gemensam historia och&#8230;<\/p>\n","protected":false},"author":1,"featured_media":1522,"parent":0,"menu_order":0,"comment_status":"closed","ping_status":"closed","template":"","meta":{"_acf_changed":false,"footnotes":""},"class_list":["post-1283","page","type-page","status-publish","has-post-thumbnail","hentry"],"acf":[],"yoast_head":"<!-- This site is optimized with the Yoast SEO plugin v27.4 - https:\/\/yoast.com\/product\/yoast-seo-wordpress\/ -->\n<title>Om projektet - Our Stories<\/title>\n<meta name=\"robots\" content=\"index, follow, max-snippet:-1, max-image-preview:large, max-video-preview:-1\" \/>\n<link rel=\"canonical\" href=\"https:\/\/ourstories.info\/sv\/the-project\/\" \/>\n<meta property=\"og:locale\" content=\"sv_SE\" \/>\n<meta property=\"og:type\" content=\"article\" \/>\n<meta property=\"og:title\" content=\"Om projektet - Our Stories\" \/>\n<meta property=\"og:description\" content=\"Our stories \u2013 the business of using storytelling to draw people in Gemensam historia och...\" \/>\n<meta property=\"og:url\" content=\"https:\/\/ourstories.info\/sv\/the-project\/\" \/>\n<meta property=\"og:site_name\" content=\"Our Stories\" \/>\n<meta property=\"article:modified_time\" content=\"2018-09-07T08:35:01+00:00\" \/>\n<meta property=\"og:image\" content=\"https:\/\/ourstories.info\/wp-content\/uploads\/2018\/08\/our-stories-music-released.jpg\" \/>\n\t<meta property=\"og:image:width\" content=\"3968\" \/>\n\t<meta property=\"og:image:height\" content=\"2976\" \/>\n\t<meta property=\"og:image:type\" content=\"image\/jpeg\" \/>\n<meta name=\"twitter:card\" content=\"summary_large_image\" \/>\n<meta name=\"twitter:label1\" content=\"Ber\u00e4knad l\u00e4stid\" \/>\n\t<meta name=\"twitter:data1\" content=\"1 minut\" \/>\n<script type=\"application\/ld+json\" class=\"yoast-schema-graph\">{\"@context\":\"https:\\\/\\\/schema.org\",\"@graph\":[{\"@type\":\"WebPage\",\"@id\":\"https:\\\/\\\/ourstories.info\\\/sv\\\/the-project\\\/\",\"url\":\"https:\\\/\\\/ourstories.info\\\/sv\\\/the-project\\\/\",\"name\":\"Om projektet - Our Stories\",\"isPartOf\":{\"@id\":\"https:\\\/\\\/ourstories.info\\\/#website\"},\"primaryImageOfPage\":{\"@id\":\"https:\\\/\\\/ourstories.info\\\/sv\\\/the-project\\\/#primaryimage\"},\"image\":{\"@id\":\"https:\\\/\\\/ourstories.info\\\/sv\\\/the-project\\\/#primaryimage\"},\"thumbnailUrl\":\"https:\\\/\\\/ourstories.info\\\/wp-content\\\/uploads\\\/2018\\\/08\\\/our-stories-music-released.jpg\",\"datePublished\":\"2018-05-22T14:07:45+00:00\",\"dateModified\":\"2018-09-07T08:35:01+00:00\",\"breadcrumb\":{\"@id\":\"https:\\\/\\\/ourstories.info\\\/sv\\\/the-project\\\/#breadcrumb\"},\"inLanguage\":\"sv-SE\",\"potentialAction\":[{\"@type\":\"ReadAction\",\"target\":[\"https:\\\/\\\/ourstories.info\\\/sv\\\/the-project\\\/\"]}]},{\"@type\":\"ImageObject\",\"inLanguage\":\"sv-SE\",\"@id\":\"https:\\\/\\\/ourstories.info\\\/sv\\\/the-project\\\/#primaryimage\",\"url\":\"https:\\\/\\\/ourstories.info\\\/wp-content\\\/uploads\\\/2018\\\/08\\\/our-stories-music-released.jpg\",\"contentUrl\":\"https:\\\/\\\/ourstories.info\\\/wp-content\\\/uploads\\\/2018\\\/08\\\/our-stories-music-released.jpg\",\"width\":3968,\"height\":2976,\"caption\":\"bty\"},{\"@type\":\"BreadcrumbList\",\"@id\":\"https:\\\/\\\/ourstories.info\\\/sv\\\/the-project\\\/#breadcrumb\",\"itemListElement\":[{\"@type\":\"ListItem\",\"position\":1,\"name\":\"Home\",\"item\":\"https:\\\/\\\/ourstories.info\\\/sv\\\/\"},{\"@type\":\"ListItem\",\"position\":2,\"name\":\"Om projektet\"}]},{\"@type\":\"WebSite\",\"@id\":\"https:\\\/\\\/ourstories.info\\\/#website\",\"url\":\"https:\\\/\\\/ourstories.info\\\/\",\"name\":\"Our Stories\",\"description\":\"\",\"publisher\":{\"@id\":\"https:\\\/\\\/ourstories.info\\\/#organization\"},\"potentialAction\":[{\"@type\":\"SearchAction\",\"target\":{\"@type\":\"EntryPoint\",\"urlTemplate\":\"https:\\\/\\\/ourstories.info\\\/?s={search_term_string}\"},\"query-input\":{\"@type\":\"PropertyValueSpecification\",\"valueRequired\":true,\"valueName\":\"search_term_string\"}}],\"inLanguage\":\"sv-SE\"},{\"@type\":\"Organization\",\"@id\":\"https:\\\/\\\/ourstories.info\\\/#organization\",\"name\":\"Ourstories\",\"url\":\"https:\\\/\\\/ourstories.info\\\/\",\"logo\":{\"@type\":\"ImageObject\",\"inLanguage\":\"sv-SE\",\"@id\":\"https:\\\/\\\/ourstories.info\\\/#\\\/schema\\\/logo\\\/image\\\/\",\"url\":\"https:\\\/\\\/ourstories.info\\\/wp-content\\\/uploads\\\/2018\\\/05\\\/logo.png\",\"contentUrl\":\"https:\\\/\\\/ourstories.info\\\/wp-content\\\/uploads\\\/2018\\\/05\\\/logo.png\",\"width\":220,\"height\":64,\"caption\":\"Ourstories\"},\"image\":{\"@id\":\"https:\\\/\\\/ourstories.info\\\/#\\\/schema\\\/logo\\\/image\\\/\"},\"sameAs\":[\"https:\\\/\\\/www.youtube.com\\\/channel\\\/UCMNnMGXvoB1NGB7Gc1vLESw\"]}]}<\/script>\n<!-- \/ Yoast SEO plugin. -->","yoast_head_json":{"title":"Om projektet - Our Stories","robots":{"index":"index","follow":"follow","max-snippet":"max-snippet:-1","max-image-preview":"max-image-preview:large","max-video-preview":"max-video-preview:-1"},"canonical":"https:\/\/ourstories.info\/sv\/the-project\/","og_locale":"sv_SE","og_type":"article","og_title":"Om projektet - Our Stories","og_description":"Our stories \u2013 the business of using storytelling to draw people in Gemensam historia och...","og_url":"https:\/\/ourstories.info\/sv\/the-project\/","og_site_name":"Our Stories","article_modified_time":"2018-09-07T08:35:01+00:00","og_image":[{"width":3968,"height":2976,"url":"https:\/\/ourstories.info\/wp-content\/uploads\/2018\/08\/our-stories-music-released.jpg","type":"image\/jpeg"}],"twitter_card":"summary_large_image","twitter_misc":{"Ber\u00e4knad l\u00e4stid":"1 minut"},"schema":{"@context":"https:\/\/schema.org","@graph":[{"@type":"WebPage","@id":"https:\/\/ourstories.info\/sv\/the-project\/","url":"https:\/\/ourstories.info\/sv\/the-project\/","name":"Om projektet - Our Stories","isPartOf":{"@id":"https:\/\/ourstories.info\/#website"},"primaryImageOfPage":{"@id":"https:\/\/ourstories.info\/sv\/the-project\/#primaryimage"},"image":{"@id":"https:\/\/ourstories.info\/sv\/the-project\/#primaryimage"},"thumbnailUrl":"https:\/\/ourstories.info\/wp-content\/uploads\/2018\/08\/our-stories-music-released.jpg","datePublished":"2018-05-22T14:07:45+00:00","dateModified":"2018-09-07T08:35:01+00:00","breadcrumb":{"@id":"https:\/\/ourstories.info\/sv\/the-project\/#breadcrumb"},"inLanguage":"sv-SE","potentialAction":[{"@type":"ReadAction","target":["https:\/\/ourstories.info\/sv\/the-project\/"]}]},{"@type":"ImageObject","inLanguage":"sv-SE","@id":"https:\/\/ourstories.info\/sv\/the-project\/#primaryimage","url":"https:\/\/ourstories.info\/wp-content\/uploads\/2018\/08\/our-stories-music-released.jpg","contentUrl":"https:\/\/ourstories.info\/wp-content\/uploads\/2018\/08\/our-stories-music-released.jpg","width":3968,"height":2976,"caption":"bty"},{"@type":"BreadcrumbList","@id":"https:\/\/ourstories.info\/sv\/the-project\/#breadcrumb","itemListElement":[{"@type":"ListItem","position":1,"name":"Home","item":"https:\/\/ourstories.info\/sv\/"},{"@type":"ListItem","position":2,"name":"Om projektet"}]},{"@type":"WebSite","@id":"https:\/\/ourstories.info\/#website","url":"https:\/\/ourstories.info\/","name":"Our Stories","description":"","publisher":{"@id":"https:\/\/ourstories.info\/#organization"},"potentialAction":[{"@type":"SearchAction","target":{"@type":"EntryPoint","urlTemplate":"https:\/\/ourstories.info\/?s={search_term_string}"},"query-input":{"@type":"PropertyValueSpecification","valueRequired":true,"valueName":"search_term_string"}}],"inLanguage":"sv-SE"},{"@type":"Organization","@id":"https:\/\/ourstories.info\/#organization","name":"Ourstories","url":"https:\/\/ourstories.info\/","logo":{"@type":"ImageObject","inLanguage":"sv-SE","@id":"https:\/\/ourstories.info\/#\/schema\/logo\/image\/","url":"https:\/\/ourstories.info\/wp-content\/uploads\/2018\/05\/logo.png","contentUrl":"https:\/\/ourstories.info\/wp-content\/uploads\/2018\/05\/logo.png","width":220,"height":64,"caption":"Ourstories"},"image":{"@id":"https:\/\/ourstories.info\/#\/schema\/logo\/image\/"},"sameAs":["https:\/\/www.youtube.com\/channel\/UCMNnMGXvoB1NGB7Gc1vLESw"]}]}},"_links":{"self":[{"href":"https:\/\/ourstories.info\/sv\/wp-json\/wp\/v2\/pages\/1283","targetHints":{"allow":["GET"]}}],"collection":[{"href":"https:\/\/ourstories.info\/sv\/wp-json\/wp\/v2\/pages"}],"about":[{"href":"https:\/\/ourstories.info\/sv\/wp-json\/wp\/v2\/types\/page"}],"author":[{"embeddable":true,"href":"https:\/\/ourstories.info\/sv\/wp-json\/wp\/v2\/users\/1"}],"replies":[{"embeddable":true,"href":"https:\/\/ourstories.info\/sv\/wp-json\/wp\/v2\/comments?post=1283"}],"version-history":[{"count":3,"href":"https:\/\/ourstories.info\/sv\/wp-json\/wp\/v2\/pages\/1283\/revisions"}],"predecessor-version":[{"id":1935,"href":"https:\/\/ourstories.info\/sv\/wp-json\/wp\/v2\/pages\/1283\/revisions\/1935"}],"wp:featuredmedia":[{"embeddable":true,"href":"https:\/\/ourstories.info\/sv\/wp-json\/wp\/v2\/media\/1522"}],"wp:attachment":[{"href":"https:\/\/ourstories.info\/sv\/wp-json\/wp\/v2\/media?parent=1283"}],"curies":[{"name":"wp","href":"https:\/\/api.w.org\/{rel}","templated":true}]}}