{"id":1376,"date":"2018-05-22T16:07:45","date_gmt":"2018-05-22T14:07:45","guid":{"rendered":"https:\/\/ourstories.info\/the-project\/"},"modified":"2018-09-07T10:24:32","modified_gmt":"2018-09-07T08:24:32","slug":"om_prosjektet","status":"publish","type":"page","link":"https:\/\/ourstories.info\/no\/om_prosjektet\/","title":{"rendered":"Om prosjektet"},"content":{"rendered":"<p>Prosjekt: \u201dOur Stories \u2013 the business of using storytelling to draw people in\u201d<\/p>\n<p>Felles historie og kultur er sterkt fremtredende langs <a href=\"https:\/\/ourstories.info\/no\/om_prosjektet\/the-northern-lights-route\/\">Nordlysveien<\/a>, som binder sammen den finske, svenske og norske grensen. I disse landene deles en voksende bevissthet om felles r\u00f8tter og identitet, noe som er bakgrunnen for dette grenseoverskridende prosjektet. I dag finnes Nordlysveien, men det er behov for \u00e5 skape mer aktivitet langs denne ferdselsruten.<br \/>\nProsjektets visjon er \u00e5 bidra til virksomhet som gj\u00f8r Nordkalottregionen mer aktiv, levende og attraktiv gjennom bruk av fortellinger, noe som ogs\u00e5 vil bidra til \u00f8kte forretningsmuligheter for sm\u00e5 og mellomstore bedrifter i omr\u00e5det. Regionens egne spr\u00e5k og kulturer \u2013 samisk, kvensk, me\u00e4nkieli \u2013 er en viktig del av fortellingene. Fortellingene vil bli synliggjort i ulike former og uttrykk \u2013 som storybook, musikkproduksjon, kortfilmproduksjon og muntlige framstillinger.<\/p>\n<p>Finansi\u00f8r: <a href=\"http:\/\/www.interregnord.com\/\" target=\"_blank\" rel=\"noopener\">Interreg Nord<\/a><\/p>\n<p>Prioritet: Kultur og milj\u00f8<\/p>\n<p>Partnere: <a href=\"https:\/\/www.lapinamk.fi\/en\">Lapland University of Applied Science<\/a>, <a href=\"http:\/\/www.ecity.fi\/eng\/index.html\">Studio E-city Ky<\/a>, <a href=\"http:\/\/www.ihana.no\">Ihana! AS<\/a>, <a href=\"http:\/\/www.jordmusic.com\/?iso=en\">JORD<\/a> &amp; <a href=\"http:\/\/www.svefi.net\/index.php\">Sverigefinska folkh\u00f6gskolan<\/a><\/p>\n<p>Totalbudsjett: 1 123 608 EUR<\/p>\n<p>Projekttid: 1.8.2016 \u2013 30.6.2019<\/p>\n","protected":false},"excerpt":{"rendered":"<p>Prosjekt: \u201dOur Stories \u2013 the business of using storytelling to draw people in\u201d Felles historie&#8230;<\/p>\n","protected":false},"author":1,"featured_media":1521,"parent":0,"menu_order":0,"comment_status":"closed","ping_status":"closed","template":"","meta":{"_acf_changed":false,"footnotes":""},"class_list":["post-1376","page","type-page","status-publish","has-post-thumbnail","hentry"],"acf":[],"yoast_head":"<!-- This site is optimized with the Yoast SEO plugin v27.4 - https:\/\/yoast.com\/product\/yoast-seo-wordpress\/ -->\n<title>Om prosjektet - Our Stories<\/title>\n<meta name=\"robots\" content=\"index, follow, max-snippet:-1, max-image-preview:large, max-video-preview:-1\" \/>\n<link rel=\"canonical\" href=\"https:\/\/ourstories.info\/no\/om_prosjektet\/\" \/>\n<meta property=\"og:locale\" content=\"nb_NO\" \/>\n<meta property=\"og:type\" content=\"article\" \/>\n<meta property=\"og:title\" content=\"Om prosjektet - Our Stories\" \/>\n<meta property=\"og:description\" content=\"Prosjekt: \u201dOur Stories \u2013 the business of using storytelling to draw people in\u201d Felles historie...\" \/>\n<meta property=\"og:url\" content=\"https:\/\/ourstories.info\/no\/om_prosjektet\/\" \/>\n<meta property=\"og:site_name\" content=\"Our Stories\" \/>\n<meta property=\"article:modified_time\" content=\"2018-09-07T08:24:32+00:00\" \/>\n<meta property=\"og:image\" content=\"https:\/\/ourstories.info\/wp-content\/uploads\/2018\/08\/our-stories-music-released.jpg\" \/>\n\t<meta property=\"og:image:width\" content=\"3968\" \/>\n\t<meta property=\"og:image:height\" content=\"2976\" \/>\n\t<meta property=\"og:image:type\" content=\"image\/jpeg\" \/>\n<meta name=\"twitter:card\" content=\"summary_large_image\" \/>\n<meta name=\"twitter:label1\" content=\"Ansl. lesetid\" \/>\n\t<meta name=\"twitter:data1\" content=\"1 minutt\" \/>\n<script type=\"application\/ld+json\" class=\"yoast-schema-graph\">{\"@context\":\"https:\\\/\\\/schema.org\",\"@graph\":[{\"@type\":\"WebPage\",\"@id\":\"https:\\\/\\\/ourstories.info\\\/no\\\/om_prosjektet\\\/\",\"url\":\"https:\\\/\\\/ourstories.info\\\/no\\\/om_prosjektet\\\/\",\"name\":\"Om prosjektet - Our Stories\",\"isPartOf\":{\"@id\":\"https:\\\/\\\/ourstories.info\\\/#website\"},\"primaryImageOfPage\":{\"@id\":\"https:\\\/\\\/ourstories.info\\\/no\\\/om_prosjektet\\\/#primaryimage\"},\"image\":{\"@id\":\"https:\\\/\\\/ourstories.info\\\/no\\\/om_prosjektet\\\/#primaryimage\"},\"thumbnailUrl\":\"https:\\\/\\\/ourstories.info\\\/wp-content\\\/uploads\\\/2018\\\/08\\\/our-stories-music-released.jpg\",\"datePublished\":\"2018-05-22T14:07:45+00:00\",\"dateModified\":\"2018-09-07T08:24:32+00:00\",\"breadcrumb\":{\"@id\":\"https:\\\/\\\/ourstories.info\\\/no\\\/om_prosjektet\\\/#breadcrumb\"},\"inLanguage\":\"nb-NO\",\"potentialAction\":[{\"@type\":\"ReadAction\",\"target\":[\"https:\\\/\\\/ourstories.info\\\/no\\\/om_prosjektet\\\/\"]}]},{\"@type\":\"ImageObject\",\"inLanguage\":\"nb-NO\",\"@id\":\"https:\\\/\\\/ourstories.info\\\/no\\\/om_prosjektet\\\/#primaryimage\",\"url\":\"https:\\\/\\\/ourstories.info\\\/wp-content\\\/uploads\\\/2018\\\/08\\\/our-stories-music-released.jpg\",\"contentUrl\":\"https:\\\/\\\/ourstories.info\\\/wp-content\\\/uploads\\\/2018\\\/08\\\/our-stories-music-released.jpg\",\"width\":3968,\"height\":2976,\"caption\":\"bty\"},{\"@type\":\"BreadcrumbList\",\"@id\":\"https:\\\/\\\/ourstories.info\\\/no\\\/om_prosjektet\\\/#breadcrumb\",\"itemListElement\":[{\"@type\":\"ListItem\",\"position\":1,\"name\":\"Home\",\"item\":\"https:\\\/\\\/ourstories.info\\\/no\\\/\"},{\"@type\":\"ListItem\",\"position\":2,\"name\":\"Om prosjektet\"}]},{\"@type\":\"WebSite\",\"@id\":\"https:\\\/\\\/ourstories.info\\\/#website\",\"url\":\"https:\\\/\\\/ourstories.info\\\/\",\"name\":\"Our Stories\",\"description\":\"\",\"publisher\":{\"@id\":\"https:\\\/\\\/ourstories.info\\\/#organization\"},\"potentialAction\":[{\"@type\":\"SearchAction\",\"target\":{\"@type\":\"EntryPoint\",\"urlTemplate\":\"https:\\\/\\\/ourstories.info\\\/?s={search_term_string}\"},\"query-input\":{\"@type\":\"PropertyValueSpecification\",\"valueRequired\":true,\"valueName\":\"search_term_string\"}}],\"inLanguage\":\"nb-NO\"},{\"@type\":\"Organization\",\"@id\":\"https:\\\/\\\/ourstories.info\\\/#organization\",\"name\":\"Ourstories\",\"url\":\"https:\\\/\\\/ourstories.info\\\/\",\"logo\":{\"@type\":\"ImageObject\",\"inLanguage\":\"nb-NO\",\"@id\":\"https:\\\/\\\/ourstories.info\\\/#\\\/schema\\\/logo\\\/image\\\/\",\"url\":\"https:\\\/\\\/ourstories.info\\\/wp-content\\\/uploads\\\/2018\\\/05\\\/logo.png\",\"contentUrl\":\"https:\\\/\\\/ourstories.info\\\/wp-content\\\/uploads\\\/2018\\\/05\\\/logo.png\",\"width\":220,\"height\":64,\"caption\":\"Ourstories\"},\"image\":{\"@id\":\"https:\\\/\\\/ourstories.info\\\/#\\\/schema\\\/logo\\\/image\\\/\"},\"sameAs\":[\"https:\\\/\\\/www.youtube.com\\\/channel\\\/UCMNnMGXvoB1NGB7Gc1vLESw\"]}]}<\/script>\n<!-- \/ Yoast SEO plugin. -->","yoast_head_json":{"title":"Om prosjektet - Our Stories","robots":{"index":"index","follow":"follow","max-snippet":"max-snippet:-1","max-image-preview":"max-image-preview:large","max-video-preview":"max-video-preview:-1"},"canonical":"https:\/\/ourstories.info\/no\/om_prosjektet\/","og_locale":"nb_NO","og_type":"article","og_title":"Om prosjektet - Our Stories","og_description":"Prosjekt: \u201dOur Stories \u2013 the business of using storytelling to draw people in\u201d Felles historie...","og_url":"https:\/\/ourstories.info\/no\/om_prosjektet\/","og_site_name":"Our Stories","article_modified_time":"2018-09-07T08:24:32+00:00","og_image":[{"width":3968,"height":2976,"url":"https:\/\/ourstories.info\/wp-content\/uploads\/2018\/08\/our-stories-music-released.jpg","type":"image\/jpeg"}],"twitter_card":"summary_large_image","twitter_misc":{"Ansl. lesetid":"1 minutt"},"schema":{"@context":"https:\/\/schema.org","@graph":[{"@type":"WebPage","@id":"https:\/\/ourstories.info\/no\/om_prosjektet\/","url":"https:\/\/ourstories.info\/no\/om_prosjektet\/","name":"Om prosjektet - Our Stories","isPartOf":{"@id":"https:\/\/ourstories.info\/#website"},"primaryImageOfPage":{"@id":"https:\/\/ourstories.info\/no\/om_prosjektet\/#primaryimage"},"image":{"@id":"https:\/\/ourstories.info\/no\/om_prosjektet\/#primaryimage"},"thumbnailUrl":"https:\/\/ourstories.info\/wp-content\/uploads\/2018\/08\/our-stories-music-released.jpg","datePublished":"2018-05-22T14:07:45+00:00","dateModified":"2018-09-07T08:24:32+00:00","breadcrumb":{"@id":"https:\/\/ourstories.info\/no\/om_prosjektet\/#breadcrumb"},"inLanguage":"nb-NO","potentialAction":[{"@type":"ReadAction","target":["https:\/\/ourstories.info\/no\/om_prosjektet\/"]}]},{"@type":"ImageObject","inLanguage":"nb-NO","@id":"https:\/\/ourstories.info\/no\/om_prosjektet\/#primaryimage","url":"https:\/\/ourstories.info\/wp-content\/uploads\/2018\/08\/our-stories-music-released.jpg","contentUrl":"https:\/\/ourstories.info\/wp-content\/uploads\/2018\/08\/our-stories-music-released.jpg","width":3968,"height":2976,"caption":"bty"},{"@type":"BreadcrumbList","@id":"https:\/\/ourstories.info\/no\/om_prosjektet\/#breadcrumb","itemListElement":[{"@type":"ListItem","position":1,"name":"Home","item":"https:\/\/ourstories.info\/no\/"},{"@type":"ListItem","position":2,"name":"Om prosjektet"}]},{"@type":"WebSite","@id":"https:\/\/ourstories.info\/#website","url":"https:\/\/ourstories.info\/","name":"Our Stories","description":"","publisher":{"@id":"https:\/\/ourstories.info\/#organization"},"potentialAction":[{"@type":"SearchAction","target":{"@type":"EntryPoint","urlTemplate":"https:\/\/ourstories.info\/?s={search_term_string}"},"query-input":{"@type":"PropertyValueSpecification","valueRequired":true,"valueName":"search_term_string"}}],"inLanguage":"nb-NO"},{"@type":"Organization","@id":"https:\/\/ourstories.info\/#organization","name":"Ourstories","url":"https:\/\/ourstories.info\/","logo":{"@type":"ImageObject","inLanguage":"nb-NO","@id":"https:\/\/ourstories.info\/#\/schema\/logo\/image\/","url":"https:\/\/ourstories.info\/wp-content\/uploads\/2018\/05\/logo.png","contentUrl":"https:\/\/ourstories.info\/wp-content\/uploads\/2018\/05\/logo.png","width":220,"height":64,"caption":"Ourstories"},"image":{"@id":"https:\/\/ourstories.info\/#\/schema\/logo\/image\/"},"sameAs":["https:\/\/www.youtube.com\/channel\/UCMNnMGXvoB1NGB7Gc1vLESw"]}]}},"_links":{"self":[{"href":"https:\/\/ourstories.info\/no\/wp-json\/wp\/v2\/pages\/1376","targetHints":{"allow":["GET"]}}],"collection":[{"href":"https:\/\/ourstories.info\/no\/wp-json\/wp\/v2\/pages"}],"about":[{"href":"https:\/\/ourstories.info\/no\/wp-json\/wp\/v2\/types\/page"}],"author":[{"embeddable":true,"href":"https:\/\/ourstories.info\/no\/wp-json\/wp\/v2\/users\/1"}],"replies":[{"embeddable":true,"href":"https:\/\/ourstories.info\/no\/wp-json\/wp\/v2\/comments?post=1376"}],"version-history":[{"count":2,"href":"https:\/\/ourstories.info\/no\/wp-json\/wp\/v2\/pages\/1376\/revisions"}],"predecessor-version":[{"id":1928,"href":"https:\/\/ourstories.info\/no\/wp-json\/wp\/v2\/pages\/1376\/revisions\/1928"}],"wp:featuredmedia":[{"embeddable":true,"href":"https:\/\/ourstories.info\/no\/wp-json\/wp\/v2\/media\/1521"}],"wp:attachment":[{"href":"https:\/\/ourstories.info\/no\/wp-json\/wp\/v2\/media?parent=1376"}],"curies":[{"name":"wp","href":"https:\/\/api.w.org\/{rel}","templated":true}]}}