{"id":1308,"date":"2018-08-06T15:32:30","date_gmt":"2018-08-06T13:32:30","guid":{"rendered":"https:\/\/ourstories.info\/?page_id=1308"},"modified":"2018-09-03T17:08:23","modified_gmt":"2018-09-03T15:08:23","slug":"gdpr","status":"publish","type":"page","link":"https:\/\/ourstories.info\/fi\/gdpr\/","title":{"rendered":"Tietosuojaseloste"},"content":{"rendered":"<p>1. <strong>Rekisterinpit\u00e4j\u00e4<\/strong><\/p>\n<p>Lapin ammattikorkeakoulu Oy<br \/>\nJokiv\u00e4yl\u00e4 11 C<br \/>\n96300 Rovaniemi<\/p>\n<p><strong>2.\u00a0Rekisterinpit\u00e4j\u00e4n edustaja<\/strong><\/p>\n<p>Hallintojohtaja Ari Konu,<br \/>\npuh. +358 (0)40 7352 007<br \/>\n<a href=\"mailto:a&#114;i.&#107;&#111;n&#117;&#64;la&#112;&#105;&#110;&#97;m&#107;&#46;fi\">a&#114;i&#46;&#107;&#111;nu&#64;&#108;a&#112;&#105;&#110;&#97;&#109;k&#46;fi<\/a><\/p>\n<p><strong>3.\u00a0Rekisterinpit\u00e4j\u00e4n yhteyshenkil\u00f6t<\/strong><\/p>\n<p>Projektip\u00e4\u00e4llikk\u00f6 Saila-Inkeri Puukko,<br \/>\nKauppakatu 58,<br \/>\n95400 Tornio,<br \/>\npuh. +358 (0)40 7528573<br \/>\n<a href=\"mailto:&#115;&#97;&#105;&#108;a.pu&#117;&#107;ko&#64;&#108;a&#112;&#105;&#110;&#97;m&#107;&#46;f&#105;\">&#115;&#97;&#105;l&#97;.&#112;&#117;&#117;kko&#64;&#108;&#97;&#112;&#105;na&#109;&#107;&#46;&#102;i<\/a><\/p>\n<p><strong>4.\u00a0Tietosuojavastaavan yhteystiedot<\/strong><\/p>\n<p>Tietosuojavastaava Pirjo K\u00e4rki-Koskinen,<br \/>\nJokiv\u00e4yl\u00e4 11 C,<br \/>\n96300 Rovaniemi,<br \/>\npuh. 040 510 0365,<br \/>\n<a href=\"mailto:&#116;&#105;&#101;t&#111;&#115;u&#111;&#106;&#97;&#64;la&#112;&#105;&#110;&#97;mk&#46;fi\">ti&#101;t&#111;s&#117;o&#106;&#97;&#64;la&#112;inamk&#46;f&#105;<\/a><\/p>\n<p><strong>5.\u00a0Henkil\u00f6tietojen k\u00e4sittelyn tarkoitus<\/strong><\/p>\n<p>Henkil\u00f6tietoja k\u00e4sitell\u00e4\u00e4n Our Stories (Interreg Nord) hankkeen tiedotus- ja viestint\u00e4tarkoituksissa, kuten hankkeen tulevista tapahtumista ja tuloksista tiedottamiseen.<\/p>\n<p>Lis\u00e4ksi hankkeen hallinnoija (Lapin amk) pit\u00e4\u00e4 yll\u00e4 rekisteri\u00e4 hankkeeseen osallistuneista henkil\u00f6ist\u00e4 hankkeen tilastointi- ja raportointitarkoituksessa rahoittajan edellytt\u00e4m\u00e4ll\u00e4 tavalla.<\/p>\n<p><strong>6.\u00a0Henkil\u00f6tietojen k\u00e4sittelyn oikeusperuste<\/strong><\/p>\n<p>K\u00e4sittely perustuu tietosuoja-asetuksen 6 tai 9 artiklaan (v\u00e4hint\u00e4\u00e4n yksi peruste).<\/p>\n<p>EU:n yleinen tietosuoja-asetus, artikla 6, kohta 1, alakohdat a \u2013 f:<\/p>\n<ul>\n<li>rekisterinpit\u00e4j\u00e4n lakis\u00e4\u00e4teisen velvoitteen noudattaminen<br \/>\ns\u00e4\u00e4d\u00f6kset: Ammattikorkeakoulukoululaki 2014.<\/li>\n<\/ul>\n<p>EU:n yleinen tietosuoja-asetus, artikla 9 (erityiset henkil\u00f6tietoryhm\u00e4t), alakohdat a \u2013 j:<\/p>\n<ul>\n<li>yleisen edun mukainen arkistointitarkoitus, tieteellinen tai historiallinen tutkimus, tilastointi<\/li>\n<\/ul>\n<p><strong>7.\u00a0K\u00e4sitelt\u00e4v\u00e4t henkil\u00f6tietoryhm\u00e4t ja niiden s\u00e4ilytysajat<\/strong><\/p>\n<p>Our Stories hankkeen rekisteri sis\u00e4lt\u00e4\u00e4 seuraavat tiedot: nimi, sukupuoli, osoite, puhelinnumero, s\u00e4hk\u00f6postiosoite, maa, yrityksen nimi ja kotisivut sek\u00e4 tieto siit\u00e4 onko henkil\u00f6 alle 24 vuotias (kyll\u00e4\/ei). Rekisteri ei sis\u00e4ll\u00e4 henkil\u00f6tunnuksia.<\/p>\n<p>Rekisteri\u00e4 pidet\u00e4\u00e4n yll\u00e4 hankkeen toteutuksen ajan, eli 30.6.2019 saakka. T\u00e4m\u00e4n j\u00e4lkeen voidaan tarpeen mukaan l\u00e4hett\u00e4\u00e4 tietoa mahdollisista tarinankerronnan teemaan liittyvist\u00e4 jatkohankkeista.<\/p>\n<p>Osallistujalistojen osalta hankkeen toteuttamiseen liittyv\u00e4t asiakirjat tulee dokumentoida ja s\u00e4ilytt\u00e4\u00e4 hankeorganisaatiossa 31.12.2032. Mik\u00e4li Suomen lains\u00e4\u00e4d\u00e4nn\u00f6ss\u00e4, kuten kirjanpitolaissa, s\u00e4\u00e4det\u00e4\u00e4n t\u00e4t\u00e4 pidemm\u00e4st\u00e4 ajasta, sit\u00e4 tulee noudattaa.<\/p>\n<p><strong>8.\u00a0K\u00e4sittelyss\u00e4 k\u00e4ytett\u00e4v\u00e4t tietoj\u00e4rjestelm\u00e4t<\/strong><\/p>\n<p>S\u00e4hk\u00f6inen ilmoittaumislomake (esim. Google Forms\/Webropol), Excel.<\/p>\n<p><strong>9.\u00a0Mist\u00e4 k\u00e4sittelyss\u00e4 tarvittavat henkil\u00f6tiedot saadaan? Onko rekister\u00f6idyll\u00e4 velvollisuus toimittaa tarvittavat henkil\u00f6tiedot? Seuraukset siit\u00e4, jos rekister\u00f6ity ei toimita tarvittavia henkil\u00f6tietoja.<\/strong><\/p>\n<p>Tiedot saadaan olemassa olevasta hankkeen yhteystietorekisterist\u00e4.<\/p>\n<p>Jos rekister\u00f6ity antaa henkil\u00f6tietonsa k\u00e4sittely\u00e4 varten, niin henkil\u00f6tietojen antamisen peruste on:<\/p>\n<ul>\n<li>rekisterinpit\u00e4j\u00e4n ja rekister\u00f6idyn v\u00e4linen sopimus<\/li>\n<\/ul>\n<p><strong>10.\u00a0Ev\u00e4steiden k\u00e4ytt\u00f6<\/strong><\/p>\n<p>Henkil\u00f6tietojen k\u00e4sittelyn selainpohjaisissa tietoj\u00e4rjestelmiss\u00e4 k\u00e4ytet\u00e4\u00e4n ev\u00e4steit\u00e4. Ev\u00e4ste on pieni tekstitiedosto, jonka selain tallentaa k\u00e4ytt\u00e4j\u00e4n laitteelle. Ev\u00e4steit\u00e4 k\u00e4ytet\u00e4\u00e4n palvelujen toteuttamiseen, helpottamaan palveluihin kirjautumista sek\u00e4 mahdollistamaan palvelujen k\u00e4yt\u00f6n tilastointi. K\u00e4ytt\u00e4j\u00e4 voi selainohjelmassaan est\u00e4\u00e4 ev\u00e4steiden k\u00e4yt\u00f6n, mutta t\u00e4m\u00e4 voi est\u00e4\u00e4 j\u00e4rjestelm\u00e4n asianmukaisen toiminnan.<\/p>\n<p>Henkil\u00f6tietojen k\u00e4sittelyss\u00e4 k\u00e4ytet\u00e4\u00e4n ev\u00e4steit\u00e4:<\/p>\n<ul>\n<li>Ei<\/li>\n<\/ul>\n<p><strong>11.\u00a0S\u00e4\u00e4nn\u00f6nmukaiset siirrot ja luovutukset<\/strong><\/p>\n<p>Tietoja ei luovuteta muuhun k\u00e4ytt\u00f6tarkoitukseen tai kolmansille osapuolille.<\/p>\n<p><strong>12.\u00a0Tietojen siirto tai luovuttaminen EU:n tai ETA:n ulkopuolelle ja sen perusteet<\/strong><\/p>\n<p>Ei siirret\u00e4<\/p>\n<p><strong>13.\u00a0Henkil\u00f6tietojen suojauksen periaatteet<\/strong><\/p>\n<p>K\u00e4ytt\u00f6oikeus rekisteriin ja s\u00e4hk\u00f6isiin ilmoittautumislomakkeisiin on vain hankkeen hallinnoijalla (Lapin AMK) ja hankekumppaneilla (Ihana AS!, Sverigefinska folkh\u00f6gskolan, JORD Ek. F\u00f6r., Studio E-city Ky.).<\/p>\n<p>Ilmoittautumistietoja ei s\u00e4ilytet\u00e4\u0308 s\u00e4hk\u00f6isess\u00e4 lomakkeessa, vaan ne poistetaan sielt\u00e4\u0308 ilmoittautumisen j\u00e4lkeen. Tiedot siirret\u00e4\u00e4n manuaalisesti s\u00e4hk\u00f6iselt\u00e4 ilmoittautumislomakkeelta Excel-muotoiseen rekisteriin projektip\u00e4\u00e4llik\u00f6n toimesta h\u00e4nen tietokoneelleen. Ilmoittautumislomakkeelle kirjautuminen vaatii hankehenkil\u00f6kunnalta\/kumppaneilta henkil\u00f6kohtaisen k\u00e4ytt\u00e4j\u00e4tunnuksen ja salasanan.<\/p>\n<p><strong>14.\u00a0Automatisoitu p\u00e4\u00e4t\u00f6ksenteko<\/strong><\/p>\n<p>Ei tehd\u00e4 automatisoitua p\u00e4\u00e4t\u00f6ksentekoa eik\u00e4 profilointeja.<\/p>\n<p><strong>15.\u00a0Rekister\u00f6idyn oikeudet<\/strong><\/p>\n<p>Rekister\u00f6idyn oikeudet m\u00e4\u00e4r\u00e4ytyv\u00e4t EU-tietosuoja-asetuksen artiklojen 15-22 mukaan:<\/p>\n<p>Rekister\u00f6idyll\u00e4 on oikeus:<\/p>\n<ul>\n<li>tarkastaa itse\u00e4\u00e4n koskevat tiedot<\/li>\n<li>pyyt\u00e4\u00e4 tietojensa oikaisemista<\/li>\n<li>vaatia tietojensa poistamista<\/li>\n<li>vaatia henkil\u00f6tietojen k\u00e4sittelyn rajoittamista<\/li>\n<li>vastustaa henkil\u00f6tietojen k\u00e4sittely\u00e4<\/li>\n<li>pyyt\u00e4\u00e4 itse toimittamiensa henkil\u00f6tietojen siirt\u00e4mist\u00e4 rekisterinpit\u00e4j\u00e4lt\u00e4 toiselle<\/li>\n<li>oikeus peruuttaa antamansa suostumus, mik\u00e4li henkil\u00f6tietojen k\u00e4sittely perustuu rekister\u00f6idyn antamaan suostumukseen<\/li>\n<li>olla joutumatta automaattisen p\u00e4\u00e4t\u00f6ksenteon kohteeksi<\/li>\n<\/ul>\n<p>Oikeuksien k\u00e4ytt\u00e4miseksi rekister\u00f6ity voi toimittaa sit\u00e4 koskevan pyynn\u00f6n ammattikorkeakoulun verkkosivuilta saatavalla lomakkeella tai olla yhteydess\u00e4 ammattikorkeakoulun tietosuojavastaavaan.<\/p>\n<p>Rekister\u00f6idyll\u00e4 on oikeus tehd\u00e4 valitus Tietosuojavaltuutetun toimistoon, mik\u00e4li h\u00e4n katsoo, ett\u00e4 h\u00e4nt\u00e4 koskevien henkil\u00f6tietojen k\u00e4sittelyss\u00e4 on rikottu voimassa olevaa tietosuojalains\u00e4\u00e4d\u00e4nt\u00f6\u00e4. Yhteystiedot: Tietosuojavaltuutetun toimisto, PL 800, 00521 Helsinki<\/p>\n<p>Neuvoja ja ohjeistusta rekister\u00f6idyn oikeuksiin liittyviss\u00e4 asioissa antaa tietosuojavastaava, yhteystiedot ilmoituksen kohdassa 4.<\/p>\n","protected":false},"excerpt":{"rendered":"<p>1. Rekisterinpit\u00e4j\u00e4 Lapin ammattikorkeakoulu Oy Jokiv\u00e4yl\u00e4 11 C 96300 Rovaniemi 2.\u00a0Rekisterinpit\u00e4j\u00e4n edustaja Hallintojohtaja Ari Konu,&#8230;<\/p>\n","protected":false},"author":1,"featured_media":0,"parent":0,"menu_order":0,"comment_status":"closed","ping_status":"closed","template":"","meta":{"_acf_changed":false,"footnotes":""},"class_list":["post-1308","page","type-page","status-publish","hentry"],"acf":[],"yoast_head":"<!-- This site is optimized with the Yoast SEO plugin v27.4 - https:\/\/yoast.com\/product\/yoast-seo-wordpress\/ -->\n<title>Tietosuojaseloste - Our Stories<\/title>\n<meta name=\"robots\" content=\"index, follow, max-snippet:-1, max-image-preview:large, max-video-preview:-1\" \/>\n<link rel=\"canonical\" href=\"https:\/\/ourstories.info\/fi\/gdpr\/\" \/>\n<meta property=\"og:locale\" content=\"fi_FI\" \/>\n<meta property=\"og:type\" content=\"article\" \/>\n<meta property=\"og:title\" content=\"Tietosuojaseloste - Our Stories\" \/>\n<meta property=\"og:description\" content=\"1. Rekisterinpit\u00e4j\u00e4 Lapin ammattikorkeakoulu Oy Jokiv\u00e4yl\u00e4 11 C 96300 Rovaniemi 2.\u00a0Rekisterinpit\u00e4j\u00e4n edustaja Hallintojohtaja Ari Konu,...\" \/>\n<meta property=\"og:url\" content=\"https:\/\/ourstories.info\/fi\/gdpr\/\" \/>\n<meta property=\"og:site_name\" content=\"Our Stories\" \/>\n<meta property=\"article:modified_time\" content=\"2018-09-03T15:08:23+00:00\" \/>\n<meta name=\"twitter:card\" content=\"summary_large_image\" \/>\n<meta name=\"twitter:label1\" content=\"Arvioitu lukuaika\" \/>\n\t<meta name=\"twitter:data1\" content=\"3 minuuttia\" \/>\n<script type=\"application\/ld+json\" class=\"yoast-schema-graph\">{\"@context\":\"https:\\\/\\\/schema.org\",\"@graph\":[{\"@type\":\"WebPage\",\"@id\":\"https:\\\/\\\/ourstories.info\\\/fi\\\/gdpr\\\/\",\"url\":\"https:\\\/\\\/ourstories.info\\\/fi\\\/gdpr\\\/\",\"name\":\"Tietosuojaseloste - Our Stories\",\"isPartOf\":{\"@id\":\"https:\\\/\\\/ourstories.info\\\/#website\"},\"datePublished\":\"2018-08-06T13:32:30+00:00\",\"dateModified\":\"2018-09-03T15:08:23+00:00\",\"breadcrumb\":{\"@id\":\"https:\\\/\\\/ourstories.info\\\/fi\\\/gdpr\\\/#breadcrumb\"},\"inLanguage\":\"fi\",\"potentialAction\":[{\"@type\":\"ReadAction\",\"target\":[\"https:\\\/\\\/ourstories.info\\\/fi\\\/gdpr\\\/\"]}]},{\"@type\":\"BreadcrumbList\",\"@id\":\"https:\\\/\\\/ourstories.info\\\/fi\\\/gdpr\\\/#breadcrumb\",\"itemListElement\":[{\"@type\":\"ListItem\",\"position\":1,\"name\":\"Home\",\"item\":\"https:\\\/\\\/ourstories.info\\\/fi\\\/\"},{\"@type\":\"ListItem\",\"position\":2,\"name\":\"Tietosuojaseloste\"}]},{\"@type\":\"WebSite\",\"@id\":\"https:\\\/\\\/ourstories.info\\\/#website\",\"url\":\"https:\\\/\\\/ourstories.info\\\/\",\"name\":\"Our Stories\",\"description\":\"\",\"publisher\":{\"@id\":\"https:\\\/\\\/ourstories.info\\\/#organization\"},\"potentialAction\":[{\"@type\":\"SearchAction\",\"target\":{\"@type\":\"EntryPoint\",\"urlTemplate\":\"https:\\\/\\\/ourstories.info\\\/?s={search_term_string}\"},\"query-input\":{\"@type\":\"PropertyValueSpecification\",\"valueRequired\":true,\"valueName\":\"search_term_string\"}}],\"inLanguage\":\"fi\"},{\"@type\":\"Organization\",\"@id\":\"https:\\\/\\\/ourstories.info\\\/#organization\",\"name\":\"Ourstories\",\"url\":\"https:\\\/\\\/ourstories.info\\\/\",\"logo\":{\"@type\":\"ImageObject\",\"inLanguage\":\"fi\",\"@id\":\"https:\\\/\\\/ourstories.info\\\/#\\\/schema\\\/logo\\\/image\\\/\",\"url\":\"https:\\\/\\\/ourstories.info\\\/wp-content\\\/uploads\\\/2018\\\/05\\\/logo.png\",\"contentUrl\":\"https:\\\/\\\/ourstories.info\\\/wp-content\\\/uploads\\\/2018\\\/05\\\/logo.png\",\"width\":220,\"height\":64,\"caption\":\"Ourstories\"},\"image\":{\"@id\":\"https:\\\/\\\/ourstories.info\\\/#\\\/schema\\\/logo\\\/image\\\/\"},\"sameAs\":[\"https:\\\/\\\/www.youtube.com\\\/channel\\\/UCMNnMGXvoB1NGB7Gc1vLESw\"]}]}<\/script>\n<!-- \/ Yoast SEO plugin. -->","yoast_head_json":{"title":"Tietosuojaseloste - Our Stories","robots":{"index":"index","follow":"follow","max-snippet":"max-snippet:-1","max-image-preview":"max-image-preview:large","max-video-preview":"max-video-preview:-1"},"canonical":"https:\/\/ourstories.info\/fi\/gdpr\/","og_locale":"fi_FI","og_type":"article","og_title":"Tietosuojaseloste - Our Stories","og_description":"1. Rekisterinpit\u00e4j\u00e4 Lapin ammattikorkeakoulu Oy Jokiv\u00e4yl\u00e4 11 C 96300 Rovaniemi 2.\u00a0Rekisterinpit\u00e4j\u00e4n edustaja Hallintojohtaja Ari Konu,...","og_url":"https:\/\/ourstories.info\/fi\/gdpr\/","og_site_name":"Our Stories","article_modified_time":"2018-09-03T15:08:23+00:00","twitter_card":"summary_large_image","twitter_misc":{"Arvioitu lukuaika":"3 minuuttia"},"schema":{"@context":"https:\/\/schema.org","@graph":[{"@type":"WebPage","@id":"https:\/\/ourstories.info\/fi\/gdpr\/","url":"https:\/\/ourstories.info\/fi\/gdpr\/","name":"Tietosuojaseloste - Our Stories","isPartOf":{"@id":"https:\/\/ourstories.info\/#website"},"datePublished":"2018-08-06T13:32:30+00:00","dateModified":"2018-09-03T15:08:23+00:00","breadcrumb":{"@id":"https:\/\/ourstories.info\/fi\/gdpr\/#breadcrumb"},"inLanguage":"fi","potentialAction":[{"@type":"ReadAction","target":["https:\/\/ourstories.info\/fi\/gdpr\/"]}]},{"@type":"BreadcrumbList","@id":"https:\/\/ourstories.info\/fi\/gdpr\/#breadcrumb","itemListElement":[{"@type":"ListItem","position":1,"name":"Home","item":"https:\/\/ourstories.info\/fi\/"},{"@type":"ListItem","position":2,"name":"Tietosuojaseloste"}]},{"@type":"WebSite","@id":"https:\/\/ourstories.info\/#website","url":"https:\/\/ourstories.info\/","name":"Our Stories","description":"","publisher":{"@id":"https:\/\/ourstories.info\/#organization"},"potentialAction":[{"@type":"SearchAction","target":{"@type":"EntryPoint","urlTemplate":"https:\/\/ourstories.info\/?s={search_term_string}"},"query-input":{"@type":"PropertyValueSpecification","valueRequired":true,"valueName":"search_term_string"}}],"inLanguage":"fi"},{"@type":"Organization","@id":"https:\/\/ourstories.info\/#organization","name":"Ourstories","url":"https:\/\/ourstories.info\/","logo":{"@type":"ImageObject","inLanguage":"fi","@id":"https:\/\/ourstories.info\/#\/schema\/logo\/image\/","url":"https:\/\/ourstories.info\/wp-content\/uploads\/2018\/05\/logo.png","contentUrl":"https:\/\/ourstories.info\/wp-content\/uploads\/2018\/05\/logo.png","width":220,"height":64,"caption":"Ourstories"},"image":{"@id":"https:\/\/ourstories.info\/#\/schema\/logo\/image\/"},"sameAs":["https:\/\/www.youtube.com\/channel\/UCMNnMGXvoB1NGB7Gc1vLESw"]}]}},"_links":{"self":[{"href":"https:\/\/ourstories.info\/fi\/wp-json\/wp\/v2\/pages\/1308","targetHints":{"allow":["GET"]}}],"collection":[{"href":"https:\/\/ourstories.info\/fi\/wp-json\/wp\/v2\/pages"}],"about":[{"href":"https:\/\/ourstories.info\/fi\/wp-json\/wp\/v2\/types\/page"}],"author":[{"embeddable":true,"href":"https:\/\/ourstories.info\/fi\/wp-json\/wp\/v2\/users\/1"}],"replies":[{"embeddable":true,"href":"https:\/\/ourstories.info\/fi\/wp-json\/wp\/v2\/comments?post=1308"}],"version-history":[{"count":3,"href":"https:\/\/ourstories.info\/fi\/wp-json\/wp\/v2\/pages\/1308\/revisions"}],"predecessor-version":[{"id":1872,"href":"https:\/\/ourstories.info\/fi\/wp-json\/wp\/v2\/pages\/1308\/revisions\/1872"}],"wp:attachment":[{"href":"https:\/\/ourstories.info\/fi\/wp-json\/wp\/v2\/media?parent=1308"}],"curies":[{"name":"wp","href":"https:\/\/api.w.org\/{rel}","templated":true}]}}