{"id":1256,"date":"2018-07-30T11:42:56","date_gmt":"2018-07-30T09:42:56","guid":{"rendered":"https:\/\/ourstories.info\/?page_id=1256"},"modified":"2019-01-25T08:35:26","modified_gmt":"2019-01-25T07:35:26","slug":"projekti","status":"publish","type":"page","link":"https:\/\/ourstories.info\/fi\/projekti\/","title":{"rendered":"Projekti"},"content":{"rendered":"<h2>Our stories \u2013 Revontultentien varrelta<\/h2>\n<p>Yhteinen kulttuuri ja historia ovat vahvasti esill\u00e4 Revontultentiell\u00e4, joka yhdist\u00e4\u00e4 pohjoisen Suomen, Ruotsin ja Norjan raja-alueet. T\u00e4st\u00e4 esimerkkin\u00e4 alueellamme puhutut kuusi kielt\u00e4; Suomi, Ruotsi, Norja, Me\u00e4nkieli, Kveeninkieli ja Saamenkieli. Alueemme historia on t\u00e4rke\u00e4 osa identiteetti\u00e4mme. Our Stories projekti pyrkii tuomaan t\u00e4t\u00e4 yhteist\u00e4 kulttuuriperim\u00e4\u00e4 esille tarinoiden avulla.<\/p>\n<p>Revontultentie on virallinen matkailutie, joka kulkee Tornio-Haaparannasta Kilpisj\u00e4rven kautta Norjan Tromssaan. T\u00e4m\u00e4n tien potentiaalia ei kuitenkaan ole viel\u00e4 t\u00e4ysin hy\u00f6dynnetty. Tarinoiden odotetaan lis\u00e4\u00e4v\u00e4n kiinnostusta Revontultentiehen ja koko rajanvartiseen alueeseen. Tarinat tullaan julkaisemaan muun muassa musiikin, lyhytelokuvan sek\u00e4 suullisen tarinankerronnan kautta.<\/p>\n<p>Rahoittaja: <a href=\"http:\/\/www.interregnord.com\/\" target=\"_blank\" rel=\"noopener\">Interreg Nord<\/a><\/p>\n<p>Erityistavoite: Kulttuuri &amp; Ymp\u00e4rist\u00f6<\/p>\n<p>Kumppanit: <a href=\"https:\/\/www.lapinamk.fi\/fi\">Lapin ammattikorkeakoulu<\/a>, <a href=\"http:\/\/www.ecity.fi\/index.html\">Studio E-city Ky<\/a>, <a href=\"http:\/\/www.ihana.no\">Ihana! AS<\/a>, <a href=\"http:\/\/www.jordmusic.com\/?iso=en\">JORD<\/a> &amp; <a href=\"http:\/\/www.svefi.net\/\">Sverigefinska folkh\u00f6gskolan<\/a><\/p>\n<p>Kokonaisbudjetti: 1 123 608 EUR<\/p>\n<p>Hankeaika: 1.8.2016 \u2013 30.6.2019<\/p>\n","protected":false},"excerpt":{"rendered":"<p>Our stories \u2013 Revontultentien varrelta Yhteinen kulttuuri ja historia ovat vahvasti esill\u00e4 Revontultentiell\u00e4, joka yhdist\u00e4\u00e4&#8230;<\/p>\n","protected":false},"author":3,"featured_media":1520,"parent":0,"menu_order":0,"comment_status":"closed","ping_status":"closed","template":"","meta":{"_acf_changed":false,"footnotes":""},"class_list":["post-1256","page","type-page","status-publish","has-post-thumbnail","hentry"],"acf":[],"yoast_head":"<!-- This site is optimized with the Yoast SEO plugin v27.4 - https:\/\/yoast.com\/product\/yoast-seo-wordpress\/ -->\n<title>Projekti - Our Stories<\/title>\n<meta name=\"robots\" content=\"index, follow, max-snippet:-1, max-image-preview:large, max-video-preview:-1\" \/>\n<link rel=\"canonical\" href=\"https:\/\/ourstories.info\/fi\/projekti\/\" \/>\n<meta property=\"og:locale\" content=\"fi_FI\" \/>\n<meta property=\"og:type\" content=\"article\" \/>\n<meta property=\"og:title\" content=\"Projekti - Our Stories\" \/>\n<meta property=\"og:description\" content=\"Our stories \u2013 Revontultentien varrelta Yhteinen kulttuuri ja historia ovat vahvasti esill\u00e4 Revontultentiell\u00e4, joka yhdist\u00e4\u00e4...\" \/>\n<meta property=\"og:url\" content=\"https:\/\/ourstories.info\/fi\/projekti\/\" \/>\n<meta property=\"og:site_name\" content=\"Our Stories\" \/>\n<meta property=\"article:modified_time\" content=\"2019-01-25T07:35:26+00:00\" \/>\n<meta property=\"og:image\" content=\"https:\/\/ourstories.info\/wp-content\/uploads\/2018\/08\/our-stories-music-released.jpg\" \/>\n\t<meta property=\"og:image:width\" content=\"3968\" \/>\n\t<meta property=\"og:image:height\" content=\"2976\" \/>\n\t<meta property=\"og:image:type\" content=\"image\/jpeg\" \/>\n<meta name=\"twitter:card\" content=\"summary_large_image\" \/>\n<meta name=\"twitter:label1\" content=\"Arvioitu lukuaika\" \/>\n\t<meta name=\"twitter:data1\" content=\"1 minuutti\" \/>\n<script type=\"application\/ld+json\" class=\"yoast-schema-graph\">{\"@context\":\"https:\\\/\\\/schema.org\",\"@graph\":[{\"@type\":\"WebPage\",\"@id\":\"https:\\\/\\\/ourstories.info\\\/fi\\\/projekti\\\/\",\"url\":\"https:\\\/\\\/ourstories.info\\\/fi\\\/projekti\\\/\",\"name\":\"Projekti - Our Stories\",\"isPartOf\":{\"@id\":\"https:\\\/\\\/ourstories.info\\\/#website\"},\"primaryImageOfPage\":{\"@id\":\"https:\\\/\\\/ourstories.info\\\/fi\\\/projekti\\\/#primaryimage\"},\"image\":{\"@id\":\"https:\\\/\\\/ourstories.info\\\/fi\\\/projekti\\\/#primaryimage\"},\"thumbnailUrl\":\"https:\\\/\\\/ourstories.info\\\/wp-content\\\/uploads\\\/2018\\\/08\\\/our-stories-music-released.jpg\",\"datePublished\":\"2018-07-30T09:42:56+00:00\",\"dateModified\":\"2019-01-25T07:35:26+00:00\",\"breadcrumb\":{\"@id\":\"https:\\\/\\\/ourstories.info\\\/fi\\\/projekti\\\/#breadcrumb\"},\"inLanguage\":\"fi\",\"potentialAction\":[{\"@type\":\"ReadAction\",\"target\":[\"https:\\\/\\\/ourstories.info\\\/fi\\\/projekti\\\/\"]}]},{\"@type\":\"ImageObject\",\"inLanguage\":\"fi\",\"@id\":\"https:\\\/\\\/ourstories.info\\\/fi\\\/projekti\\\/#primaryimage\",\"url\":\"https:\\\/\\\/ourstories.info\\\/wp-content\\\/uploads\\\/2018\\\/08\\\/our-stories-music-released.jpg\",\"contentUrl\":\"https:\\\/\\\/ourstories.info\\\/wp-content\\\/uploads\\\/2018\\\/08\\\/our-stories-music-released.jpg\",\"width\":3968,\"height\":2976,\"caption\":\"bty\"},{\"@type\":\"BreadcrumbList\",\"@id\":\"https:\\\/\\\/ourstories.info\\\/fi\\\/projekti\\\/#breadcrumb\",\"itemListElement\":[{\"@type\":\"ListItem\",\"position\":1,\"name\":\"Home\",\"item\":\"https:\\\/\\\/ourstories.info\\\/fi\\\/\"},{\"@type\":\"ListItem\",\"position\":2,\"name\":\"Projekti\"}]},{\"@type\":\"WebSite\",\"@id\":\"https:\\\/\\\/ourstories.info\\\/#website\",\"url\":\"https:\\\/\\\/ourstories.info\\\/\",\"name\":\"Our Stories\",\"description\":\"\",\"publisher\":{\"@id\":\"https:\\\/\\\/ourstories.info\\\/#organization\"},\"potentialAction\":[{\"@type\":\"SearchAction\",\"target\":{\"@type\":\"EntryPoint\",\"urlTemplate\":\"https:\\\/\\\/ourstories.info\\\/?s={search_term_string}\"},\"query-input\":{\"@type\":\"PropertyValueSpecification\",\"valueRequired\":true,\"valueName\":\"search_term_string\"}}],\"inLanguage\":\"fi\"},{\"@type\":\"Organization\",\"@id\":\"https:\\\/\\\/ourstories.info\\\/#organization\",\"name\":\"Ourstories\",\"url\":\"https:\\\/\\\/ourstories.info\\\/\",\"logo\":{\"@type\":\"ImageObject\",\"inLanguage\":\"fi\",\"@id\":\"https:\\\/\\\/ourstories.info\\\/#\\\/schema\\\/logo\\\/image\\\/\",\"url\":\"https:\\\/\\\/ourstories.info\\\/wp-content\\\/uploads\\\/2018\\\/05\\\/logo.png\",\"contentUrl\":\"https:\\\/\\\/ourstories.info\\\/wp-content\\\/uploads\\\/2018\\\/05\\\/logo.png\",\"width\":220,\"height\":64,\"caption\":\"Ourstories\"},\"image\":{\"@id\":\"https:\\\/\\\/ourstories.info\\\/#\\\/schema\\\/logo\\\/image\\\/\"},\"sameAs\":[\"https:\\\/\\\/www.youtube.com\\\/channel\\\/UCMNnMGXvoB1NGB7Gc1vLESw\"]}]}<\/script>\n<!-- \/ Yoast SEO plugin. -->","yoast_head_json":{"title":"Projekti - Our Stories","robots":{"index":"index","follow":"follow","max-snippet":"max-snippet:-1","max-image-preview":"max-image-preview:large","max-video-preview":"max-video-preview:-1"},"canonical":"https:\/\/ourstories.info\/fi\/projekti\/","og_locale":"fi_FI","og_type":"article","og_title":"Projekti - Our Stories","og_description":"Our stories \u2013 Revontultentien varrelta Yhteinen kulttuuri ja historia ovat vahvasti esill\u00e4 Revontultentiell\u00e4, joka yhdist\u00e4\u00e4...","og_url":"https:\/\/ourstories.info\/fi\/projekti\/","og_site_name":"Our Stories","article_modified_time":"2019-01-25T07:35:26+00:00","og_image":[{"width":3968,"height":2976,"url":"https:\/\/ourstories.info\/wp-content\/uploads\/2018\/08\/our-stories-music-released.jpg","type":"image\/jpeg"}],"twitter_card":"summary_large_image","twitter_misc":{"Arvioitu lukuaika":"1 minuutti"},"schema":{"@context":"https:\/\/schema.org","@graph":[{"@type":"WebPage","@id":"https:\/\/ourstories.info\/fi\/projekti\/","url":"https:\/\/ourstories.info\/fi\/projekti\/","name":"Projekti - Our Stories","isPartOf":{"@id":"https:\/\/ourstories.info\/#website"},"primaryImageOfPage":{"@id":"https:\/\/ourstories.info\/fi\/projekti\/#primaryimage"},"image":{"@id":"https:\/\/ourstories.info\/fi\/projekti\/#primaryimage"},"thumbnailUrl":"https:\/\/ourstories.info\/wp-content\/uploads\/2018\/08\/our-stories-music-released.jpg","datePublished":"2018-07-30T09:42:56+00:00","dateModified":"2019-01-25T07:35:26+00:00","breadcrumb":{"@id":"https:\/\/ourstories.info\/fi\/projekti\/#breadcrumb"},"inLanguage":"fi","potentialAction":[{"@type":"ReadAction","target":["https:\/\/ourstories.info\/fi\/projekti\/"]}]},{"@type":"ImageObject","inLanguage":"fi","@id":"https:\/\/ourstories.info\/fi\/projekti\/#primaryimage","url":"https:\/\/ourstories.info\/wp-content\/uploads\/2018\/08\/our-stories-music-released.jpg","contentUrl":"https:\/\/ourstories.info\/wp-content\/uploads\/2018\/08\/our-stories-music-released.jpg","width":3968,"height":2976,"caption":"bty"},{"@type":"BreadcrumbList","@id":"https:\/\/ourstories.info\/fi\/projekti\/#breadcrumb","itemListElement":[{"@type":"ListItem","position":1,"name":"Home","item":"https:\/\/ourstories.info\/fi\/"},{"@type":"ListItem","position":2,"name":"Projekti"}]},{"@type":"WebSite","@id":"https:\/\/ourstories.info\/#website","url":"https:\/\/ourstories.info\/","name":"Our Stories","description":"","publisher":{"@id":"https:\/\/ourstories.info\/#organization"},"potentialAction":[{"@type":"SearchAction","target":{"@type":"EntryPoint","urlTemplate":"https:\/\/ourstories.info\/?s={search_term_string}"},"query-input":{"@type":"PropertyValueSpecification","valueRequired":true,"valueName":"search_term_string"}}],"inLanguage":"fi"},{"@type":"Organization","@id":"https:\/\/ourstories.info\/#organization","name":"Ourstories","url":"https:\/\/ourstories.info\/","logo":{"@type":"ImageObject","inLanguage":"fi","@id":"https:\/\/ourstories.info\/#\/schema\/logo\/image\/","url":"https:\/\/ourstories.info\/wp-content\/uploads\/2018\/05\/logo.png","contentUrl":"https:\/\/ourstories.info\/wp-content\/uploads\/2018\/05\/logo.png","width":220,"height":64,"caption":"Ourstories"},"image":{"@id":"https:\/\/ourstories.info\/#\/schema\/logo\/image\/"},"sameAs":["https:\/\/www.youtube.com\/channel\/UCMNnMGXvoB1NGB7Gc1vLESw"]}]}},"_links":{"self":[{"href":"https:\/\/ourstories.info\/fi\/wp-json\/wp\/v2\/pages\/1256","targetHints":{"allow":["GET"]}}],"collection":[{"href":"https:\/\/ourstories.info\/fi\/wp-json\/wp\/v2\/pages"}],"about":[{"href":"https:\/\/ourstories.info\/fi\/wp-json\/wp\/v2\/types\/page"}],"author":[{"embeddable":true,"href":"https:\/\/ourstories.info\/fi\/wp-json\/wp\/v2\/users\/3"}],"replies":[{"embeddable":true,"href":"https:\/\/ourstories.info\/fi\/wp-json\/wp\/v2\/comments?post=1256"}],"version-history":[{"count":3,"href":"https:\/\/ourstories.info\/fi\/wp-json\/wp\/v2\/pages\/1256\/revisions"}],"predecessor-version":[{"id":2603,"href":"https:\/\/ourstories.info\/fi\/wp-json\/wp\/v2\/pages\/1256\/revisions\/2603"}],"wp:featuredmedia":[{"embeddable":true,"href":"https:\/\/ourstories.info\/fi\/wp-json\/wp\/v2\/media\/1520"}],"wp:attachment":[{"href":"https:\/\/ourstories.info\/fi\/wp-json\/wp\/v2\/media?parent=1256"}],"curies":[{"name":"wp","href":"https:\/\/api.w.org\/{rel}","templated":true}]}}